{"id":1126,"date":"2024-09-12T12:00:41","date_gmt":"2024-09-12T10:00:41","guid":{"rendered":"https:\/\/lespepitesdemarlotte.com\/?post_type=product&#038;p=1126"},"modified":"2025-03-28T22:53:59","modified_gmt":"2025-03-28T21:53:59","slug":"t-shirt-cutie-blanc","status":"publish","type":"product","link":"https:\/\/lespepitesdemarlotte.com\/index.php\/product\/t-shirt-cutie-blanc\/","title":{"rendered":"T-shirt CUTIE blanc"},"content":{"rendered":"<div>\n<p>L\u00e9ger, fluide et \u00ab\u00a0so romantic\u00a0\u00bb, le t-shirt CUTIE blanc se porte parfaitement en mi-saison avec un jean ou une jupe. Ses manches papillons en broderie anglaise apportent une touche de douceur et de romantisme \u00e0 ce t-shirt \u00e0 la coupe loose. Une pi\u00e8ce l\u00e9g\u00e8re\u00a0 et ind\u00e9modable \u00e0 adopter en urgence.<\/p>\n<ul>\n<li>T-shirt col rond<\/li>\n<li>Tissu fluide 100% coton<\/li>\n<li>Coupe droite loose<\/li>\n<li>Manches papillon en broderie anglaise<\/li>\n<\/ul>\n<\/div>\n<div>\n<p>Disponible en taille S\/M et M\/L.<\/p>\n<p>Le mannequin mesure 1m73 et porte une taille S\/M.<\/p>\n<\/div>\n<div>\n<h4><strong>Caract\u00e9ristiques Produit :\u00a0<\/strong><\/h4>\n<\/div>\n<div class=\"product-reference\"><strong><label class=\"label\">Composition :<\/label><\/strong>\u00a0100% coton<\/div>\n<div class=\"product-reference\"><strong><label class=\"label\">Entretien :<\/label><\/strong> Lavage en machine 30\u00b0 maximum \/ Blanchiment interdit \/ Temp\u00e9rature maximale de repassage : 110 \u00b0C \/ Nettoyage \u00e0 sec autoris\u00e9 \/ S\u00e9chage en tambour interdit \/ S\u00e9cher \u00e0 plat \/ Nettoyer et repasser sur l\u2019envers<\/div>\n<div class=\"product-reference\"><strong><label class=\"label\">Pays de cr\u00e9ation :\u00a0<\/label><\/strong><\/div>\n<div>France<\/div>\n<div class=\"product-reference\"><strong><label class=\"label\">Made in :<\/label><\/strong><\/div>\n<div class=\"product-reference\">China<\/div>\n","protected":false},"excerpt":{"rendered":"<p>L\u00e9ger, fluide et \u00ab\u00a0so romantic\u00a0\u00bb, le t-shirt CUTIE blanc se porte parfaitement en mi-saison avec un jean ou une jupe. Ses manches papillons en broderie anglaise apportent une touche de douceur et de romantisme \u00e0 ce t-shirt \u00e0 la coupe loose.<\/p>\n","protected":false},"featured_media":1137,"comment_status":"open","ping_status":"closed","template":"","meta":[],"product_brand":[],"product_cat":[20],"product_tag":[31],"class_list":{"0":"post-1126","1":"product","2":"type-product","3":"status-publish","4":"has-post-thumbnail","6":"product_cat-tops","7":"product_tag-design-francais","9":"first","10":"instock","11":"sale","12":"purchasable","13":"product-type-variable"},"aioseo_notices":[],"jetpack_sharing_enabled":true,"_links":{"self":[{"href":"https:\/\/lespepitesdemarlotte.com\/index.php\/wp-json\/wp\/v2\/product\/1126","targetHints":{"allow":["GET"]}}],"collection":[{"href":"https:\/\/lespepitesdemarlotte.com\/index.php\/wp-json\/wp\/v2\/product"}],"about":[{"href":"https:\/\/lespepitesdemarlotte.com\/index.php\/wp-json\/wp\/v2\/types\/product"}],"replies":[{"embeddable":true,"href":"https:\/\/lespepitesdemarlotte.com\/index.php\/wp-json\/wp\/v2\/comments?post=1126"}],"wp:featuredmedia":[{"embeddable":true,"href":"https:\/\/lespepitesdemarlotte.com\/index.php\/wp-json\/wp\/v2\/media\/1137"}],"wp:attachment":[{"href":"https:\/\/lespepitesdemarlotte.com\/index.php\/wp-json\/wp\/v2\/media?parent=1126"}],"wp:term":[{"taxonomy":"product_brand","embeddable":true,"href":"https:\/\/lespepitesdemarlotte.com\/index.php\/wp-json\/wp\/v2\/product_brand?post=1126"},{"taxonomy":"product_cat","embeddable":true,"href":"https:\/\/lespepitesdemarlotte.com\/index.php\/wp-json\/wp\/v2\/product_cat?post=1126"},{"taxonomy":"product_tag","embeddable":true,"href":"https:\/\/lespepitesdemarlotte.com\/index.php\/wp-json\/wp\/v2\/product_tag?post=1126"}],"curies":[{"name":"wp","href":"https:\/\/api.w.org\/{rel}","templated":true}]}}