{"id":1123,"date":"2024-09-12T11:48:58","date_gmt":"2024-09-12T09:48:58","guid":{"rendered":"https:\/\/lespepitesdemarlotte.com\/?post_type=product&#038;p=1123"},"modified":"2025-10-26T14:13:45","modified_gmt":"2025-10-26T13:13:45","slug":"sweat-coeur-or","status":"publish","type":"product","link":"https:\/\/lespepitesdemarlotte.com\/index.php\/product\/sweat-coeur-or\/","title":{"rendered":"Sweat COEUR or"},"content":{"rendered":"<div>\n<p>On craque compl\u00e8tement pour le sweat COEUR Or , Noir d\u00e9lav\u00e9 avec son magnifique coeur brod\u00e9 avec du fil dor\u00e9 au niveau du coeur &#8230;<\/p>\n<ul>\n<li>Sweat col rond<\/li>\n<li>Couleur Noir fa\u00e7on d\u00e9lav\u00e9<\/li>\n<li>Coeur brod\u00e9 dor\u00e9 au niveau du coeur<\/li>\n<li>Coupe ajust\u00e9e<\/li>\n<\/ul>\n<p>Disponible en taille S\/M<\/p>\n<p>Le mannequin mesure 1m73 et porte une taille S\/M. TAILLE PETIT.<\/p>\n<h4><strong>Caract\u00e9ristiques Produit :\u00a0<\/strong><\/h4>\n<\/div>\n<div class=\"product-reference\"><strong><label class=\"label\">Composition :<\/label><\/strong>95% coton, 5% elasthane<\/div>\n<div><\/div>\n<div class=\"product-reference\"><strong><label class=\"label\">Entretien :<\/label><\/strong>Lavage en machine 30\u00b0 maximum \/ Blanchiment interdit \/ Temp\u00e9rature maximale de repassage : 110 \u00b0C \/ Nettoyage \u00e0 sec autoris\u00e9 \/ S\u00e9chage en tambour interdit \/ S\u00e9cher \u00e0 plat \/ Nettoyer et repasser sur l&rsquo;envers<\/div>\n<div class=\"product-reference\"><strong><label class=\"label\">Pays de cr\u00e9ation :\u00a0<\/label><\/strong><\/div>\n<div>France<\/div>\n<div class=\"product-reference\"><strong><label class=\"label\">Made in :<\/label><\/strong><\/div>\n<div class=\"product-reference\">China<\/div>\n","protected":false},"excerpt":{"rendered":"<p>On craque compl\u00e8tement pour le sweat COEUR Or , Noir d\u00e9lav\u00e9 avec son magnifique coeur brod\u00e9 avec du fil dor\u00e9 au niveau du coeur &#8230;<\/p>\n","protected":false},"featured_media":1180,"comment_status":"open","ping_status":"closed","template":"","meta":[],"product_brand":[],"product_cat":[54],"product_tag":[30],"class_list":{"0":"post-1123","1":"product","2":"type-product","3":"status-publish","4":"has-post-thumbnail","6":"product_cat-pulls","7":"product_tag-made-in-italy","9":"first","10":"instock","11":"sale","12":"purchasable","13":"product-type-simple"},"aioseo_notices":[],"jetpack_sharing_enabled":true,"_links":{"self":[{"href":"https:\/\/lespepitesdemarlotte.com\/index.php\/wp-json\/wp\/v2\/product\/1123","targetHints":{"allow":["GET"]}}],"collection":[{"href":"https:\/\/lespepitesdemarlotte.com\/index.php\/wp-json\/wp\/v2\/product"}],"about":[{"href":"https:\/\/lespepitesdemarlotte.com\/index.php\/wp-json\/wp\/v2\/types\/product"}],"replies":[{"embeddable":true,"href":"https:\/\/lespepitesdemarlotte.com\/index.php\/wp-json\/wp\/v2\/comments?post=1123"}],"wp:featuredmedia":[{"embeddable":true,"href":"https:\/\/lespepitesdemarlotte.com\/index.php\/wp-json\/wp\/v2\/media\/1180"}],"wp:attachment":[{"href":"https:\/\/lespepitesdemarlotte.com\/index.php\/wp-json\/wp\/v2\/media?parent=1123"}],"wp:term":[{"taxonomy":"product_brand","embeddable":true,"href":"https:\/\/lespepitesdemarlotte.com\/index.php\/wp-json\/wp\/v2\/product_brand?post=1123"},{"taxonomy":"product_cat","embeddable":true,"href":"https:\/\/lespepitesdemarlotte.com\/index.php\/wp-json\/wp\/v2\/product_cat?post=1123"},{"taxonomy":"product_tag","embeddable":true,"href":"https:\/\/lespepitesdemarlotte.com\/index.php\/wp-json\/wp\/v2\/product_tag?post=1123"}],"curies":[{"name":"wp","href":"https:\/\/api.w.org\/{rel}","templated":true}]}}