{"id":1069,"date":"2024-07-21T17:30:20","date_gmt":"2024-07-21T15:30:20","guid":{"rendered":"https:\/\/lespepitesdemarlotte.com\/?post_type=product&#038;p=1069"},"modified":"2025-10-26T14:16:47","modified_gmt":"2025-10-26T13:16:47","slug":"ensemble-malibu","status":"publish","type":"product","link":"https:\/\/lespepitesdemarlotte.com\/index.php\/product\/ensemble-malibu\/","title":{"rendered":"Ensemble MALIBU"},"content":{"rendered":"<div>\n<p>Vous cherchez un ensemble short et chemise l\u00e9ger et tendance pour cet \u00e9t\u00e9 ? C&rsquo;est l&rsquo;ensemble MALIBU !<\/p>\n<p>Les ensembles imprim\u00e9s coordonn\u00e9s haut et bas, c&rsquo;est la grosse tendance de la saison !<\/p>\n<p>Avec son imprim\u00e9 original et retro, l&rsquo;ensemble MALIBU est id\u00e9al en journ\u00e9e ou en soir\u00e9e. Port\u00e9 seul ou avec un petit top sous la chemise, \u00e0 vous de d\u00e9cider. Ce qui est s\u00fbr, c&rsquo;est que vous ne passerez pas inaper\u00e7ue avec ce look audacieux et styl\u00e9 \ud83d\ude09<\/p>\n<div>\n<ul>\n<li>Tissu l\u00e9ger<\/li>\n<li>Ensemble short + top<\/li>\n<li>Motif original<\/li>\n<li>Short doubl\u00e9 (pas transparent!)<\/li>\n<li>Taille \u00e9lastique avec lien de serrage pour ajuster le short \u00e0 votre morphologie<\/li>\n<li>Patte de boutonnage cach\u00e9e<\/li>\n<\/ul>\n<p>Disponible en taille unique \u00e9quivalent taille 34 \u00e0 42.<\/p>\n<p>Le mannequin mesure 1m73 et porte g\u00e9n\u00e9ralement une taille 36.<\/p>\n<\/div>\n<\/div>\n<div>\n<h4><strong>Caract\u00e9ristiques Produit :\u00a0<\/strong><\/h4>\n<\/div>\n<div class=\"product-reference\">\n<p><strong><label class=\"label\">Composition :<\/label><\/strong><\/p>\n<div class=\"product-single__description rte\">\n<p>80% polyester, 20% coton<\/p>\n<\/div>\n<div class=\"collapsibles-wrapper collapsibles-wrapper--border-bottom\"><span style=\"font-size: 14px; font-weight: 600;\">Entretien :<\/span><\/div>\n<div class=\"collapsibles-wrapper collapsibles-wrapper--border-bottom\">Lavage \u00e0 la main recommand\u00e9 \u00e0 l&rsquo;eau froide \/ lavage en machine 30\u00b0 maximum \/ Blanchiment interdit \/ Temp\u00e9rature maximale de repassage : 110 \u00b0C \/ Nettoyage \u00e0 sec autoris\u00e9 \/ S\u00e9chage en tambour interdit<\/div>\n<\/div>\n<div class=\"product-reference\"><strong><label class=\"label\">Pays de cr\u00e9ation :\u00a0<\/label><\/strong><\/div>\n<div>France<\/div>\n<div class=\"product-reference\"><strong><label class=\"label\">Made in :<\/label><\/strong><\/div>\n<div class=\"product-reference\">China<\/div>\n","protected":false},"excerpt":{"rendered":"<p>Vous cherchez un ensemble short et chemise l\u00e9ger et tendance pour cet \u00e9t\u00e9 ? Vous allez adorer l&rsquo;ensemble MALIBU !<\/p>\n","protected":false},"featured_media":1075,"comment_status":"open","ping_status":"closed","template":"","meta":[],"product_brand":[],"product_cat":[21,44,23],"product_tag":[],"class_list":{"0":"post-1069","1":"product","2":"type-product","3":"status-publish","4":"has-post-thumbnail","6":"product_cat-chemises-blouses","7":"product_cat-ensembles","8":"product_cat-jupes-shorts","10":"first","11":"outofstock","12":"sale","13":"purchasable","14":"product-type-simple"},"aioseo_notices":[],"jetpack_sharing_enabled":true,"_links":{"self":[{"href":"https:\/\/lespepitesdemarlotte.com\/index.php\/wp-json\/wp\/v2\/product\/1069","targetHints":{"allow":["GET"]}}],"collection":[{"href":"https:\/\/lespepitesdemarlotte.com\/index.php\/wp-json\/wp\/v2\/product"}],"about":[{"href":"https:\/\/lespepitesdemarlotte.com\/index.php\/wp-json\/wp\/v2\/types\/product"}],"replies":[{"embeddable":true,"href":"https:\/\/lespepitesdemarlotte.com\/index.php\/wp-json\/wp\/v2\/comments?post=1069"}],"wp:featuredmedia":[{"embeddable":true,"href":"https:\/\/lespepitesdemarlotte.com\/index.php\/wp-json\/wp\/v2\/media\/1075"}],"wp:attachment":[{"href":"https:\/\/lespepitesdemarlotte.com\/index.php\/wp-json\/wp\/v2\/media?parent=1069"}],"wp:term":[{"taxonomy":"product_brand","embeddable":true,"href":"https:\/\/lespepitesdemarlotte.com\/index.php\/wp-json\/wp\/v2\/product_brand?post=1069"},{"taxonomy":"product_cat","embeddable":true,"href":"https:\/\/lespepitesdemarlotte.com\/index.php\/wp-json\/wp\/v2\/product_cat?post=1069"},{"taxonomy":"product_tag","embeddable":true,"href":"https:\/\/lespepitesdemarlotte.com\/index.php\/wp-json\/wp\/v2\/product_tag?post=1069"}],"curies":[{"name":"wp","href":"https:\/\/api.w.org\/{rel}","templated":true}]}}