{"id":103,"date":"2023-12-28T16:54:24","date_gmt":"2023-12-28T15:54:24","guid":{"rendered":"https:\/\/lespepitesdemarlotte.com\/?post_type=product&#038;p=103"},"modified":"2025-03-20T11:31:33","modified_gmt":"2025-03-20T10:31:33","slug":"bague-gaelle-3-pierres","status":"publish","type":"product","link":"https:\/\/lespepitesdemarlotte.com\/index.php\/product\/bague-gaelle-3-pierres\/","title":{"rendered":"Bague Gaelle 3 pierres"},"content":{"rendered":"<p>La bague Gaelle 3 pierres est compos\u00e9e de 3 pierres naturelles semi-pr\u00e9cieuses (2 rectangulaires et une carr\u00e9e) encadr\u00e9es par une base de deux lignes en acier inoxydable dor\u00e9. Elle s&rsquo;ajuste facilement et convient \u00e0 toutes les tailles de doigts, des plus fins au plus larges.<\/p>\n<p>Je vous ai s\u00e9lectionn\u00e9 3 possibilit\u00e9s de choix de pierre naturelle semi-pr\u00e9cieuse pour votre bague Gaelle :<\/p>\n<ul>\n<li><strong>Labradorite :<\/strong> La Labradorite serait une pierre aux vertus protectrices et r\u00e9g\u00e9n\u00e9rantes<\/li>\n<li><strong>Malachite:<\/strong> La Malachite, au vert intense, est connue pour ses propri\u00e9t\u00e9s protectrices. Elle permettrait d&rsquo;am\u00e9liorer l&rsquo;\u00e9quilibre et l&rsquo;harmonie au niveau \u00e9motionnel.<\/li>\n<li><strong>Lapis-Lazuli :<\/strong> La pierre de Lapis-Lazuli, d&rsquo;un magnifique bleu nuit, est r\u00e9put\u00e9e pour stimuler l&rsquo;imagination et la cr\u00e9ativit\u00e9. C&rsquo;est aussi un symbole de calme et de s\u00e9r\u00e9nit\u00e9.<\/li>\n<\/ul>\n<p>N&rsquo;h\u00e9sitez pas \u00e0 varier les couleurs en fonction de votre humeur, de vos envies, ou simplement de votre tenue !<\/p>\n<h4><strong>Caract\u00e9ristiques Produit :\u00a0<\/strong><\/h4>\n<p>Bague en acier inoxydable compos\u00e9e de 2 lignes et de 3 cabochons, un carr\u00e9 et 2 rectangulaires en pierre naturelle.<\/p>\n<p>Ajustable, la bague se resserre ou s&rsquo;agrandit : de la taille 52 \u00e0 58<\/p>\n<p>Hauteur de la bague: 16 mm<\/p>\n<p>Dimensions des pierres : 6 x 6 mm \/ 5 x 10 mm \/ 7 x 10 mm<\/p>\n<p>Garantie sans nickel, sans cadmium, sans sel de plomb. R\u00e9siste \u00e0 l\u2019eau et ne noircit pas.<\/p>\n<p>\u00c9tant des pierres naturelles, leurs couleurs peuvent varier d\u2019une pierre \u00e0 l\u2019autre.<\/p>\n","protected":false},"excerpt":{"rendered":"<p>Bague Gaelle 3 pierres: des pierres semi-pr\u00e9cieuses encadr\u00e9es par une base de deux lignes en acier inoxydable dor\u00e9 qui s&rsquo;ajuste \u00e0 toutes les tailles de doigts.<\/p>\n","protected":false},"featured_media":194,"comment_status":"open","ping_status":"closed","template":"","meta":[],"product_brand":[],"product_cat":[37,24],"product_tag":[31],"class_list":{"0":"post-103","1":"product","2":"type-product","3":"status-publish","4":"has-post-thumbnail","6":"product_cat-bagues","7":"product_cat-bijoux","8":"product_tag-design-francais","10":"first","11":"instock","12":"sale","13":"purchasable","14":"product-type-variable"},"aioseo_notices":[],"jetpack_sharing_enabled":true,"_links":{"self":[{"href":"https:\/\/lespepitesdemarlotte.com\/index.php\/wp-json\/wp\/v2\/product\/103","targetHints":{"allow":["GET"]}}],"collection":[{"href":"https:\/\/lespepitesdemarlotte.com\/index.php\/wp-json\/wp\/v2\/product"}],"about":[{"href":"https:\/\/lespepitesdemarlotte.com\/index.php\/wp-json\/wp\/v2\/types\/product"}],"replies":[{"embeddable":true,"href":"https:\/\/lespepitesdemarlotte.com\/index.php\/wp-json\/wp\/v2\/comments?post=103"}],"wp:featuredmedia":[{"embeddable":true,"href":"https:\/\/lespepitesdemarlotte.com\/index.php\/wp-json\/wp\/v2\/media\/194"}],"wp:attachment":[{"href":"https:\/\/lespepitesdemarlotte.com\/index.php\/wp-json\/wp\/v2\/media?parent=103"}],"wp:term":[{"taxonomy":"product_brand","embeddable":true,"href":"https:\/\/lespepitesdemarlotte.com\/index.php\/wp-json\/wp\/v2\/product_brand?post=103"},{"taxonomy":"product_cat","embeddable":true,"href":"https:\/\/lespepitesdemarlotte.com\/index.php\/wp-json\/wp\/v2\/product_cat?post=103"},{"taxonomy":"product_tag","embeddable":true,"href":"https:\/\/lespepitesdemarlotte.com\/index.php\/wp-json\/wp\/v2\/product_tag?post=103"}],"curies":[{"name":"wp","href":"https:\/\/api.w.org\/{rel}","templated":true}]}}