{"id":1008,"date":"2024-06-20T10:21:18","date_gmt":"2024-06-20T08:21:18","guid":{"rendered":"https:\/\/lespepitesdemarlotte.com\/?post_type=product&#038;p=1008"},"modified":"2025-10-26T14:17:02","modified_gmt":"2025-10-26T13:17:02","slug":"robe-el-amor","status":"publish","type":"product","link":"https:\/\/lespepitesdemarlotte.com\/index.php\/product\/robe-el-amor\/","title":{"rendered":"Robe EL AMOR"},"content":{"rendered":"<div>\n<p>Voici la robe EL AMOR ! Une robe tr\u00e8s longue, ultra fluide, bien \u00e9chancr\u00e9e dans le dos et avec un imprim\u00e9 recto-verso ultra original et canon !<\/p>\n<p>Sa coupe longue et \u00e9vas\u00e9e convient \u00e0 toutes les morphologies. Ses bretelles fines sont r\u00e9glables, ce qui permet d&rsquo;ajuster le d\u00e9collet\u00e9 et la longueur de la robe !<\/p>\n<p>Super l\u00e9g\u00e8re et confortable , elle vous accompagnera en journ\u00e9e \u00e0 la plage, en ville, ou en soir\u00e9e pour un ap\u00e9ro entre amis.<\/p>\n<p>Le d\u00e9tail qu&rsquo;on adore toutes \u00e0 la folie : elle a des poches !!!<\/p>\n<div>\n<ul>\n<li>Tissu fluide et l\u00e9ger<\/li>\n<li>Robe longue<\/li>\n<li>Deux poches lat\u00e9rales invisibles<\/li>\n<li>100% viscose<\/li>\n<\/ul>\n<p>Disponible en taille 1 : 36\/38 , taille 2 : 40\/42 , taille 3 : 44\/46<\/p>\n<p>Le mannequin mesure 1m73 et porte une taille 1.<\/p>\n<\/div>\n<\/div>\n<div>\n<h4><strong>Caract\u00e9ristiques Produit :\u00a0<\/strong><\/h4>\n<\/div>\n<div class=\"product-reference\">\n<p><strong><label class=\"label\">Composition :<\/label><\/strong><\/p>\n<div class=\"product-single__description rte\">\n<p>100% viscose<\/p>\n<\/div>\n<div class=\"collapsibles-wrapper collapsibles-wrapper--border-bottom\"><span style=\"font-size: 14px;font-weight: 600\">Entretien :<\/span><\/div>\n<div class=\"collapsibles-wrapper collapsibles-wrapper--border-bottom\">Lavage \u00e0 la main recommand\u00e9 \u00e0 l&rsquo;eau froide \/ lavage en machine 30\u00b0 maximum \/ Blanchiment interdit \/ Temp\u00e9rature maximale de repassage : 110 \u00b0C \/ Nettoyage \u00e0 sec autoris\u00e9 \/ S\u00e9chage en tambour interdit<\/div>\n<\/div>\n<div class=\"product-reference\"><strong><label class=\"label\">Pays de cr\u00e9ation :\u00a0<\/label><\/strong><\/div>\n<div>France<\/div>\n<div class=\"product-reference\"><strong><label class=\"label\">Made in :<\/label><\/strong><\/div>\n<div class=\"product-reference\">India<\/div>\n","protected":false},"excerpt":{"rendered":"<p>Voici la robe EL AMOR ! Une robe tr\u00e8s longue, ultra fluide, bien \u00e9chancr\u00e9e dans le dos et avec un imprim\u00e9 recto-verso ultra canon ! Sa coupe longue et \u00e9vas\u00e9e convient \u00e0 toutes les morphologies. Ses bretelles fines sont r\u00e9glables, ce qui permet d&rsquo;ajuster le d\u00e9collet\u00e9 et la longueur de la robe ! Le d\u00e9tail qu&rsquo;on adore toutes \u00e0 la folie : elle a des poches !!!<\/p>\n","protected":false},"featured_media":1042,"comment_status":"open","ping_status":"closed","template":"","meta":[],"product_brand":[],"product_cat":[22],"product_tag":[31,43],"class_list":{"0":"post-1008","1":"product","2":"type-product","3":"status-publish","4":"has-post-thumbnail","6":"product_cat-robes-et-combinaisons","7":"product_tag-design-francais","8":"product_tag-grande-taille","10":"first","11":"outofstock","12":"sale","13":"purchasable","14":"product-type-variable"},"aioseo_notices":[],"jetpack_sharing_enabled":true,"_links":{"self":[{"href":"https:\/\/lespepitesdemarlotte.com\/index.php\/wp-json\/wp\/v2\/product\/1008","targetHints":{"allow":["GET"]}}],"collection":[{"href":"https:\/\/lespepitesdemarlotte.com\/index.php\/wp-json\/wp\/v2\/product"}],"about":[{"href":"https:\/\/lespepitesdemarlotte.com\/index.php\/wp-json\/wp\/v2\/types\/product"}],"replies":[{"embeddable":true,"href":"https:\/\/lespepitesdemarlotte.com\/index.php\/wp-json\/wp\/v2\/comments?post=1008"}],"wp:featuredmedia":[{"embeddable":true,"href":"https:\/\/lespepitesdemarlotte.com\/index.php\/wp-json\/wp\/v2\/media\/1042"}],"wp:attachment":[{"href":"https:\/\/lespepitesdemarlotte.com\/index.php\/wp-json\/wp\/v2\/media?parent=1008"}],"wp:term":[{"taxonomy":"product_brand","embeddable":true,"href":"https:\/\/lespepitesdemarlotte.com\/index.php\/wp-json\/wp\/v2\/product_brand?post=1008"},{"taxonomy":"product_cat","embeddable":true,"href":"https:\/\/lespepitesdemarlotte.com\/index.php\/wp-json\/wp\/v2\/product_cat?post=1008"},{"taxonomy":"product_tag","embeddable":true,"href":"https:\/\/lespepitesdemarlotte.com\/index.php\/wp-json\/wp\/v2\/product_tag?post=1008"}],"curies":[{"name":"wp","href":"https:\/\/api.w.org\/{rel}","templated":true}]}}