{"id":2,"date":"2023-12-24T14:25:29","date_gmt":"2023-12-24T13:25:29","guid":{"rendered":"http:\/\/lespepitesdemarlotte.com\/?page_id=2"},"modified":"2024-01-19T18:55:00","modified_gmt":"2024-01-19T17:55:00","slug":"bienvenue","status":"publish","type":"page","link":"https:\/\/lespepitesdemarlotte.com\/index.php\/bienvenue\/","title":{"rendered":"Venez d\u00e9couvrir mes p\u00e9pites !"},"content":{"rendered":"\n<p>Bienvenue sur ma boutique de v\u00eatements, bijoux et accessoires f\u00e9minins s\u00e9lectionn\u00e9s pour vous ! <\/p>\n\n\n\n<blockquote class=\"wp-block-quote is-layout-flow wp-block-quote-is-layout-flow\">\n<p>Moi, c&rsquo;est Marlotte \ud83d\ude09<\/p>\n\n\n\n<p>C&rsquo;est avec passion que je recherche pour vous les plus jolies p\u00e9pites mode de la saison pour r\u00e9v\u00e9ler votre f\u00e9minit\u00e9, votre lumi\u00e8re et votre joie de vivre ! <\/p>\n\n\n\n<p>Je vous propose des articles qui r\u00e9unissent les qualit\u00e9s qui vous importent : de belles mati\u00e8res, des coupes flatteuses et f\u00e9minines, des productions raisonn\u00e9es et\/ou locales (Made in France, Made in Europe). <\/p>\n\n\n\n<p>Tous les produits propos\u00e9s sont ceux que j&rsquo;aime, mes coups de coeur ! Attention les stocks sont limit\u00e9s ! <\/p>\n\n\n\n<p>Bonne visite !<\/p>\n<\/blockquote>\n\n\n\n<p><\/p>\n\n\n\n<blockquote class=\"wp-block-quote is-layout-flow wp-block-quote-is-layout-flow\">\n<p><\/p>\n<\/blockquote>\n\n\n\n<p><\/p>\n","protected":false},"excerpt":{"rendered":"<p>Bienvenue sur ma boutique de v\u00eatements, bijoux et accessoires f\u00e9minins s\u00e9lectionn\u00e9s pour vous ! Moi, c&rsquo;est Marlotte \ud83d\ude09 C&rsquo;est avec passion que je recherche pour vous les plus jolies p\u00e9pites mode de la saison pour r\u00e9v\u00e9ler votre f\u00e9minit\u00e9, votre lumi\u00e8re et votre joie de vivre ! Je vous propose des articles qui r\u00e9unissent les qualit\u00e9s [&hellip;]<\/p>\n","protected":false},"author":1,"featured_media":0,"parent":0,"menu_order":0,"comment_status":"closed","ping_status":"closed","template":"template-fullwidth.php","meta":{"footnotes":""},"class_list":["post-2","page","type-page","status-publish","hentry"],"aioseo_notices":[],"jetpack_sharing_enabled":true,"_links":{"self":[{"href":"https:\/\/lespepitesdemarlotte.com\/index.php\/wp-json\/wp\/v2\/pages\/2","targetHints":{"allow":["GET"]}}],"collection":[{"href":"https:\/\/lespepitesdemarlotte.com\/index.php\/wp-json\/wp\/v2\/pages"}],"about":[{"href":"https:\/\/lespepitesdemarlotte.com\/index.php\/wp-json\/wp\/v2\/types\/page"}],"author":[{"embeddable":true,"href":"https:\/\/lespepitesdemarlotte.com\/index.php\/wp-json\/wp\/v2\/users\/1"}],"replies":[{"embeddable":true,"href":"https:\/\/lespepitesdemarlotte.com\/index.php\/wp-json\/wp\/v2\/comments?post=2"}],"version-history":[{"count":4,"href":"https:\/\/lespepitesdemarlotte.com\/index.php\/wp-json\/wp\/v2\/pages\/2\/revisions"}],"predecessor-version":[{"id":351,"href":"https:\/\/lespepitesdemarlotte.com\/index.php\/wp-json\/wp\/v2\/pages\/2\/revisions\/351"}],"wp:attachment":[{"href":"https:\/\/lespepitesdemarlotte.com\/index.php\/wp-json\/wp\/v2\/media?parent=2"}],"curies":[{"name":"wp","href":"https:\/\/api.w.org\/{rel}","templated":true}]}}