{"id":140,"date":"2024-01-04T10:26:56","date_gmt":"2024-01-04T09:26:56","guid":{"rendered":"https:\/\/lespepitesdemarlotte.com\/?page_id=140"},"modified":"2024-01-04T10:26:56","modified_gmt":"2024-01-04T09:26:56","slug":"mentions-legales","status":"publish","type":"page","link":"https:\/\/lespepitesdemarlotte.com\/index.php\/mentions-legales\/","title":{"rendered":"Mentions l\u00e9gales"},"content":{"rendered":"\n<p>Conform\u00e9ment aux dispositions des articles 6-III et 19 de la Loi n\u00b0 2004-575 du 21 juin 2004 pour la Confiance dans l&rsquo;\u00e9conomie num\u00e9rique, dite L.C.E.N., nous portons \u00e0 la connaissance des utilisateurs et visiteurs du site<br><br>www.lespepitesdemarlotte.com\u00a0les informations suivantes :<\/p>\n\n\n\n<h2 class=\"wp-block-heading\">INFORMATIONS L\u00c9GALES<\/h2>\n\n\n\n<p><br>La cr\u00e9ation de la boutique, la diffusion des articles et la gestion du site web sont assur\u00e9es par la propri\u00e9taire.<br>Statut du propri\u00e9taire :<\/p>\n\n\n\n<p>LES PEPITES DE MARLOTTE<\/p>\n\n\n\n<p>Ger\u00e9 par Marie LEFORT<br>N\u00b0 de SIREN 982 527 509 immatricul\u00e9 au registre du commerce et des soci\u00e9t\u00e9s (R.C.S. Montpellier).<br>Contact : contact@lespepitesdemarlotte.com<br><br>H\u00c9BERGEUR DU SITE<br>Le site\u00a0www.lespepitesdemarlotte.com est h\u00e9berg\u00e9 par est h\u00e9berg\u00e9 par HOSTINGER, dont le si\u00e8ge social est situ\u00e9\u00a0HOSTINGER INTERNATIONAL LTD, 61 Lordou Vironos Street, 6023 Larnaca, Chypre, joignable par le moyen suivant : https:\/\/www.hostinger.fr\/contact.<br><br><br><br>COOKIES<br>Un \u00ab cookie \u00bb permet l\u2019identification de l\u2019utilisateur, la personnalisation de sa consultation du site Les P\u00e9pites de Marlotte et le chargement plus rapide des pages du site \u00e0 l\u2019aide d\u2019un chargement d\u2019un fichier de donn\u00e9es sur son ordinateur.<br><br>L\u2019utilisateur reconna\u00eet \u00eatre inform\u00e9 de cette pratique et autorise Les P\u00e9pites de Marlotte \u00e0 proc\u00e9der ainsi. Sauf cas sp\u00e9cial de r\u00e9quisition l\u00e9gale, Les P\u00e9pites de Marlotte s\u2019engage \u00e0 ne jamais communiquer le contenu de ces cookies \u00e0 des tiers ou soci\u00e9t\u00e9s partenaires ou clientes. Tout utilisateur peut refuser l\u2019enregistrement de ces cookies ou configurer son navigateur au pr\u00e9alable qui l\u2019avertira.<br><br>PROPRI\u00c9T\u00c9 INTELLECTUELLE<br>La structure g\u00e9n\u00e9rale du site Les P\u00e9pites de Marlotte, ainsi que les textes, graphiques, images, sons et vid\u00e9os la composant, sont la propri\u00e9t\u00e9 de Les P\u00e9pites de Marlotte. Toute repr\u00e9sentation et\/ou reproduction et\/ou exploitation partielle ou totale de ce site sans l\u2019autorisation pr\u00e9alable et par \u00e9crit de la soci\u00e9t\u00e9 Les P\u00e9pites de Marlotte est strictement interdite et serait susceptible de constituer une contrefa\u00e7on au sens des articles L 335-2 et suivants du Code de la propri\u00e9t\u00e9 intellectuelle.<br><br>Les P\u00e9pites de Marlotte ne saurait garantir l\u2019exactitude, la compl\u00e9tude, l\u2019actualit\u00e9 des informations diffus\u00e9es sur le site. Les informations de ce site peuvent contenir des inexactitudes techniques ou des erreurs typographiques. Ces informations peuvent \u00eatre p\u00e9riodiquement modifi\u00e9es et les modifications seront incorpor\u00e9es dans les nouvelles \u00e9ditions.<br><br>Les P\u00e9pites de Marlotte peut, \u00e0 tout moment, sans pr\u00e9avis, apporter des am\u00e9liorations ou des changements aux produits, aux programmes ou aux services d\u00e9crits sur ce site.<br><br>PROTECTION DES DONN\u00c9ES<br>Les P\u00e9pites de Marlotte recueille des renseignements personnels d\u2019identification lorsque vous utilisez les formulaires de contact. Ces renseignements que nous recevons par email nous permettent de traiter vos demandes et ne sont pas utilis\u00e9s autrement. En conformit\u00e9 avec l\u2019article 3 de la loi \u00ab Informatique et Libert\u00e9s \u00bb du 6 Janvier 1978, vous disposez d\u2019un droit d\u2019acc\u00e8s, de modification, de rectification et de suppression des donn\u00e9es personnelles qui vous concernent. Vous pouvez exercer ce droit par simple demande par email.<br><br>Les bases de donn\u00e9es sont prot\u00e9g\u00e9es par les dispositions de la loi du 1er juillet 1998 transposant la directive 96\/9 du 11 mars 1996 relative \u00e0 la protection juridique des bases de donn\u00e9es.<br><br>LIENS HYPERTEXTES<br>Les P\u00e9pites de Marlotte n\u2019est pas responsable des liens hypertextes pointant vers le pr\u00e9sent site. Les liens hypertextes \u00e9tablis en direction d\u2019autres sites \u00e0 partir de Les P\u00e9pites de Marlotte ne sauraient, en aucun cas, engager la responsabilit\u00e9 de Les P\u00e9pites de Marlotte notamment mais de mani\u00e8re non exclusive quant au contenu de ces sites.<br><br>DROIT APPLICABLE<br>Le pr\u00e9sent site est exclusivement r\u00e9gi par le droit fran\u00e7ais et par les conventions internationales applicables en France.<\/p>\n","protected":false},"excerpt":{"rendered":"<p>Conform\u00e9ment aux dispositions des articles 6-III et 19 de la Loi n\u00b0 2004-575 du 21 juin 2004 pour la Confiance dans l&rsquo;\u00e9conomie num\u00e9rique, dite L.C.E.N., nous portons \u00e0 la connaissance des utilisateurs et visiteurs du site www.lespepitesdemarlotte.com\u00a0les informations suivantes : INFORMATIONS L\u00c9GALES La cr\u00e9ation de la boutique, la diffusion des articles et la gestion du [&hellip;]<\/p>\n","protected":false},"author":1,"featured_media":0,"parent":0,"menu_order":0,"comment_status":"closed","ping_status":"closed","template":"template-fullwidth.php","meta":{"footnotes":""},"class_list":["post-140","page","type-page","status-publish","hentry"],"aioseo_notices":[],"jetpack_sharing_enabled":true,"_links":{"self":[{"href":"https:\/\/lespepitesdemarlotte.com\/index.php\/wp-json\/wp\/v2\/pages\/140","targetHints":{"allow":["GET"]}}],"collection":[{"href":"https:\/\/lespepitesdemarlotte.com\/index.php\/wp-json\/wp\/v2\/pages"}],"about":[{"href":"https:\/\/lespepitesdemarlotte.com\/index.php\/wp-json\/wp\/v2\/types\/page"}],"author":[{"embeddable":true,"href":"https:\/\/lespepitesdemarlotte.com\/index.php\/wp-json\/wp\/v2\/users\/1"}],"replies":[{"embeddable":true,"href":"https:\/\/lespepitesdemarlotte.com\/index.php\/wp-json\/wp\/v2\/comments?post=140"}],"version-history":[{"count":1,"href":"https:\/\/lespepitesdemarlotte.com\/index.php\/wp-json\/wp\/v2\/pages\/140\/revisions"}],"predecessor-version":[{"id":141,"href":"https:\/\/lespepitesdemarlotte.com\/index.php\/wp-json\/wp\/v2\/pages\/140\/revisions\/141"}],"wp:attachment":[{"href":"https:\/\/lespepitesdemarlotte.com\/index.php\/wp-json\/wp\/v2\/media?parent=140"}],"curies":[{"name":"wp","href":"https:\/\/api.w.org\/{rel}","templated":true}]}}